{"id":1781,"date":"2025-12-18T17:32:24","date_gmt":"2025-12-18T16:32:24","guid":{"rendered":"https:\/\/iesosangines.educarex.es\/?page_id=1781"},"modified":"2026-05-08T13:39:38","modified_gmt":"2026-05-08T11:39:38","slug":"radioedu-onda-jara-emisora-del-ieso-san-gines-de-villanueva-del-fresno","status":"publish","type":"page","link":"https:\/\/iesosangines.educarex.es\/?page_id=1781","title":{"rendered":"Radioedu Onda Jara. Emisora del IESO San Gin\u00e9s de Villanueva del Fresno"},"content":{"rendered":"\n<p>En esta secci\u00f3n se ir\u00e1n subiendo los distintos programas de radio que se realizar\u00e1n a lo largo del curso 2025-2026.<\/p>\n\n\n\n<p>Origen de la expresi\u00f3n truco o trato en ingl\u00e9s \u2013 Onda Jara <\/p>\n\n\n\n<p><a href=\"https:\/\/radioedu.educarex.es\/ondajara\/2025\/11\/06\/origen-de-la-expresion-truco-o-trato-en-ingles\">https:\/\/radioedu.educarex.es\/ondajara\/2025\/11\/06\/origen-de-la-expresion-truco-o-trato-en-ingles<\/a><\/p>\n\n\n\n<p>Microrrelatos de terror \u2013 Onda Jara <\/p>\n\n\n\n<p><a href=\"https:\/\/radioedu.educarex.es\/ondajara\/2025\/11\/10\/microrrelatos-de-terror\">https:\/\/radioedu.educarex.es\/ondajara\/2025\/11\/10\/microrrelatos-de-terror<\/a><\/p>\n\n\n\n<p>Nuevos comienzos en el IESO San Gin\u00e9s de Villanueva del Fresno<\/p>\n\n\n\n<p><a href=\"https:\/\/radioedu.educarex.es\/ondajara\/2025\/10\/10\/nuevos-comienzos-en-ieso-san-gines\">https:\/\/radioedu.educarex.es\/ondajara\/2025\/10\/10\/nuevos-comienzos-en-ieso-san-gines<\/a><\/p>\n\n\n\n<p>14 de noviembre: D\u00eda internacional de la diabetes \u2013 Onda Jara <\/p>\n\n\n\n<p><a href=\"https:\/\/radioedu.educarex.es\/ondajara\/2025\/11\/14\/14-de-noviembre-dia-internacional-de-la-diabetes\">https:\/\/radioedu.educarex.es\/ondajara\/2025\/11\/14\/14-de-noviembre-dia-internacional-de-la-diabetes<\/a><\/p>\n\n\n\n<p>D\u00eda internacional de la violencia contra la mujer \u2013 Onda Jara <a href=\"https:\/\/radioedu.educarex.es\/ondajara\/2025\/11\/26\/dia-internacional-de-la-violencia-contra-la-mujer\/\">https:\/\/radioedu.educarex.es\/ondajara\/2025\/11\/26\/dia-internacional-de-la-violencia-contra-la-mujer\/<\/a><\/p>\n\n\n\n<p>Carrera solidaria en nuestro centro IESO SAN GIN\u00c9S \u2013 Onda Jara <a href=\"https:\/\/radioedu.educarex.es\/ondajara\/2025\/12\/16\/carrera-solidaria-en-nuestro-ieso-san-gines\/\">https:\/\/radioedu.educarex.es\/ondajara\/2025\/12\/16\/carrera-solidaria-en-nuestro-ieso-san-gines\/<\/a><\/p>\n\n\n\n<p>La Paz comienza en lo cotidiano &#8211; Onda Jara  <\/p>\n\n\n\n<p><a href=\"https:\/\/radioedu.educarex.es\/ondajara\/2026\/02\/12\/la-paz-empieza-en-lo-cotidiano\/\">https:\/\/radioedu.educarex.es\/ondajara\/2026\/02\/12\/la-paz-empieza-en-lo-cotidiano\/<\/a>                                                             <\/p>\n\n\n\n<p><em><strong>\u00abA DEBATE ABOUT PEACE\u00bb<\/strong><\/em> &#8211; Onda Jara    <\/p>\n\n\n\n<p><a href=\"https:\/\/radioedu.educarex.es\/ondajara\/2026\/02\/06\/a-debate-about-peace\/\">https:\/\/radioedu.educarex.es\/ondajara\/2026\/02\/06\/a-debate-about-peace\/<\/a><\/p>\n\n\n\n<p>\u00bfALG\u00daN D\u00cdA SE CONSEGUIR\u00c1 LA PAZ MUNDIAL? &#8211; Onda Jara<\/p>\n\n\n\n<p><a href=\"https:\/\/radioedu.educarex.es\/ondajara\/2026\/01\/30\/algun-dia-se-conseguira-la-paz-mundial\/\">https:\/\/radioedu.educarex.es\/ondajara\/2026\/01\/30\/algun-dia-se-conseguira-la-paz-mundial\/<\/a><\/p>\n\n\n\n<p>San Valent\u00edn \u00abAlgo m\u00e1s que corazones\u00bb<\/p>\n\n\n\n<p><a href=\"https:\/\/radioedu.educarex.es\/ondajara\/2026\/02\/18\/san-valentin-algo-mas-que-corazones\/\">https:\/\/radioedu.educarex.es\/ondajara\/2026\/02\/18\/san-valentin-algo-mas-que-corazones\/<\/a><\/p>\n\n\n\n<p>\u00abLa ni\u00f1a y la mujer en la Ciencia\u00bb<\/p>\n\n\n\n<p><a href=\"https:\/\/radioedu.educarex.es\/ondajara\/2026\/03\/02\/11-de-febrero-dia-de-la-mujer-y-la-nina-en-la-ciencia\">https:\/\/radioedu.educarex.es\/ondajara\/2026\/03\/02\/11-de-febrero-dia-de-la-mujer-y-la-nina-en-la-ciencia<\/a><\/p>\n\n\n\n<p>San Valent\u00edn compartiendo amor y recuerdos.<\/p>\n\n\n\n<p><a href=\"https:\/\/radioedu.educarex.es\/ondajara\/2026\/03\/10\/celebramos-san-valentin-compartiendo-amor-y-recuerdos\/\">Celebramos San Valent\u00edn compartiendo amor y recuerdos \u2013 Onda Jara<\/a><\/p>\n\n\n\n<p>\u00abFeminismo y transformaci\u00f3n de la vida cotidiana\u00bb<\/p>\n\n\n\n<p><a href=\"https:\/\/radioedu.educarex.es\/ondajara\/2026\/03\/23\/feminismo-y-trasformacion-de-la-vida-cotidiana\">https:\/\/radioedu.educarex.es\/ondajara\/2026\/03\/23\/feminismo-y-trasformacion-de-la-vida-cotidiana<\/a><\/p>\n\n\n\n<p>Las sin sombrero. Historia de las mujeres olvidadas de la generaci\u00f3n del 27<\/p>\n\n\n\n<p><a href=\"https:\/\/radioedu.educarex.es\/ondajara\/2026\/03\/20\/las-sin-sombrero-historia-de-las-mujeres-olvidadas-de-la-generacion-del-27\">https:\/\/radioedu.educarex.es\/ondajara\/2026\/03\/20\/las-sin-sombrero-historia-de-las-mujeres-olvidadas-de-la-generacion-del-27<\/a><\/p>\n\n\n\n<p>Inteligencia artificial.<\/p>\n\n\n\n<p><a href=\"https:\/\/radioedu.educarex.es\/ondajara\/2026\/03\/26\/posdcast-sobre-inteligencia-artificial\">https:\/\/radioedu.educarex.es\/ondajara\/2026\/03\/26\/posdcast-sobre-inteligencia-artificial<\/a><\/p>\n\n\n\n<p><em>The sound of Lava<\/em>. Por episodios<\/p>\n\n\n\n<p><a href=\"https:\/\/radioedu.educarex.es\/ondajara\/2026\/03\/17\/the-sound-of-lava-ep-1-monte-yasur\">https:\/\/radioedu.educarex.es\/ondajara\/2026\/03\/17\/the-sound-of-lava-ep-1-monte-yasur<\/a><\/p>\n\n\n\n<p><a href=\"https:\/\/radioedu.educarex.es\/ondajara\/2026\/04\/29\/the-sound-of-lava-ep-2-hunga-tonga-hunga-haapai\">https:\/\/radioedu.educarex.es\/ondajara\/2026\/04\/29\/the-sound-of-lava-ep-2-hunga-tonga-hunga-haapai<\/a><\/p>\n\n\n\n<p><a href=\"https:\/\/radioedu.educarex.es\/ondajara\/2026\/05\/05\/the-sound-of-lava-ep-3-monte-okmok\">https:\/\/radioedu.educarex.es\/ondajara\/2026\/05\/05\/the-sound-of-lava-ep-3-monte-okmok<\/a><\/p>\n\n\n\n<p><a href=\"https:\/\/radioedu.educarex.es\/ondajara\/2026\/05\/08\/the-sound-of-lava-ep-4-pinatubo\">https:\/\/radioedu.educarex.es\/ondajara\/2026\/05\/08\/the-sound-of-lava-ep-4-pinatubo<\/a><\/p>\n\n\n\n<p><\/p>\n","protected":false},"excerpt":{"rendered":"<p>En esta secci\u00f3n se ir\u00e1n subiendo los distintos programas de radio que se realizar\u00e1n a lo largo del curso 2025-2026. Origen de la expresi\u00f3n truco o trato en ingl\u00e9s \u2013 [&hellip;]<\/p>\n","protected":false},"author":4040,"featured_media":0,"parent":0,"menu_order":0,"comment_status":"closed","ping_status":"closed","template":"","meta":{"_uag_custom_page_level_css":"","_editorskit_title_hidden":false,"_editorskit_reading_time":0,"_editorskit_is_block_options_detached":false,"_editorskit_block_options_position":"{}","footnotes":""},"class_list":["post-1781","page","type-page","status-publish","hentry"],"uagb_featured_image_src":{"full":false,"thumbnail":false,"medium":false,"medium_large":false,"large":false,"1536x1536":false,"2048x2048":false},"uagb_author_info":{"display_name":"Francisco \u00c1lvaro Forero","author_link":"https:\/\/iesosangines.educarex.es\/?author=4040"},"uagb_comment_info":0,"uagb_excerpt":"En esta secci\u00f3n se ir\u00e1n subiendo los distintos programas de radio que se realizar\u00e1n a lo largo del curso 2025-2026. Origen de la expresi\u00f3n truco o trato en ingl\u00e9s \u2013 [&hellip;]","_links":{"self":[{"href":"https:\/\/iesosangines.educarex.es\/index.php?rest_route=\/wp\/v2\/pages\/1781","targetHints":{"allow":["GET"]}}],"collection":[{"href":"https:\/\/iesosangines.educarex.es\/index.php?rest_route=\/wp\/v2\/pages"}],"about":[{"href":"https:\/\/iesosangines.educarex.es\/index.php?rest_route=\/wp\/v2\/types\/page"}],"author":[{"embeddable":true,"href":"https:\/\/iesosangines.educarex.es\/index.php?rest_route=\/wp\/v2\/users\/4040"}],"replies":[{"embeddable":true,"href":"https:\/\/iesosangines.educarex.es\/index.php?rest_route=%2Fwp%2Fv2%2Fcomments&post=1781"}],"version-history":[{"count":3,"href":"https:\/\/iesosangines.educarex.es\/index.php?rest_route=\/wp\/v2\/pages\/1781\/revisions"}],"predecessor-version":[{"id":2094,"href":"https:\/\/iesosangines.educarex.es\/index.php?rest_route=\/wp\/v2\/pages\/1781\/revisions\/2094"}],"wp:attachment":[{"href":"https:\/\/iesosangines.educarex.es\/index.php?rest_route=%2Fwp%2Fv2%2Fmedia&parent=1781"}],"curies":[{"name":"wp","href":"https:\/\/api.w.org\/{rel}","templated":true}]}}